{"id":382,"date":"2024-04-04T10:21:17","date_gmt":"2024-04-04T08:21:17","guid":{"rendered":"https:\/\/epicoplay.com\/?page_id=382"},"modified":"2024-05-13T10:07:48","modified_gmt":"2024-05-13T08:07:48","slug":"privacy-policy-app","status":"publish","type":"page","link":"https:\/\/epicoplay.com\/en\/privacy-policy-app\/","title":{"rendered":"(Italiano) Privacy Policy App"},"content":{"rendered":"<p class=\"p1\"><b>PRIVACY POLICY PIATTAFORMA EPICO PLAY<\/b><\/p>\r\n<p class=\"p1\"><b>ai sensi dell\u2019art. 13 e dell\u2019art. 14 del Regolamento Generale Europeo sulla protezione dei Dati Personali n. 2016\/679 (&#8220;GDPR&#8221;)<\/b><\/p>\r\n<p class=\"p1\">Lo scopo della presente privacy policy (\u201c<b>Privacy Policy<\/b>\u201d) \u00e8 quello di illustrare le modalit\u00e0 e le finalit\u00e0 per le quali verranno raccolti, trattati ed utilizzati i dati personali degli utenti (cio\u00e8 le informazioni che identificano o che possono identificare l\u2019utente) mediante l\u2019applicazione Epico Play di propriet\u00e0 di Epico Play S.r.l. (d\u2019ora in avanti denominata \u201c<b>Piattaforma<\/b>\u201d o \u201c<b>App Epico Play<\/b>\u201d), nonch\u00e9 i diritti che l\u2019utente stesso potr\u00e0 esercitare in relazione al trattamento di tali dati. La presente Privacy Policy, unitamente alle Condizioni Generali d\u2019Uso ed alla Cookie Policy, costituiscono le condizioni d\u2019uso della Piattaforma. L\u2019accesso alla Piattaforma e l\u2019uso della stessa comportano la piena accettazione delle condizioni d\u2019uso. In proposito si informa che, qualora dovessero essere sviluppati ed introdotti dei servizi nuovi e aggiuntivi che dovessero comportare una modifica del modo in cui vengono raccolti o trattati i dati personali dell\u2019utente, la presente Privacy Policy verr\u00e0 opportunamente aggiornata e, conseguentemente, gli utenti saranno debitamente informati circa le diverse finalit\u00e0 e modalit\u00e0 di trattamento dei loro dati personali.<\/p>\r\n<p class=\"p1\">Si informa inoltre l\u2019utente che le Condizioni d\u2019Uso disciplinano esclusivamente la navigazione, l\u2019accesso, l\u2019uso e i trattamenti di dati connessi alla Piattaforma e ai relativi servizi.<\/p>\r\n<p class=\"p1\"><b>1. IL TITOLARE DEL TRATTAMENTO<\/b><\/p>\r\n<p class=\"p1\">La Piattaforma \u00e8 di propriet\u00e0 ed \u00e8 gestita da <b>Epico Play S.r.l. <\/b>con sede legale a Lecce, via Duca d\u2019Aosta 19, P. Iva n.\u00a005015130759 (d\u2019ora in poi \u201c<b>Epico Play<\/b>\u201d). Epico Play tratter\u00e0 i dati degli utenti della Piattaforma in qualit\u00e0 di titolare autonomo del trattamento nel rispetto del Regolamento UE sulla protezione dei dati personali n. 2016\/679 (\u201c<b>GDPR<\/b>\u201d).<\/p>\r\n<p class=\"p1\"><b>2. CATEGORIE DI DATI PERSONALI TRATTATI<\/b><\/p>\r\n<p class=\"p1\">Attraverso la Piattaforma l\u2019utente pu\u00f2 usufruire di diverse tipologie di servizi, nell\u2019ambito dei quali vengono trattati i suoi dati personali. Questi dati possono essere forniti implicitamente dagli strumenti di cui l\u2019utente si serve per accedere ed utilizzare la Piattaforma oppure possono essere attivamente forniti da parte dello stesso. In particolare, le Societ\u00e0 potranno trattare le seguenti categorie di dati:<\/p>\r\n\r\n<ul class=\"ul1\">\r\n \t<li class=\"li1\">\u201c<b>Dati di navigazione<\/b>\u201d: i sistemi informatici e le procedure software preposte al funzionamento di ciascun sito internet acquisiscono, nel corso del loro normale esercizio, alcuni dati personali la cui trasmissione \u00e8 implicita nell\u2019uso dei protocolli di comunicazione di Internet. In questa categoria di dati rientrano: gli indirizzi IP, il tipo di browser utilizzato, il sistema operativo, il nome di dominio e gli indirizzi di siti internet dai quali \u00e8 stato effettuato l\u2019accesso o l\u2019uscita, le informazioni sulle pagine visitate dagli utenti all\u2019interno del sito o della applicazione, l\u2019ubicazione, l\u2019orario d\u2019accesso, la permanenza sulla singola pagina, l\u2019analisi di percorso interno, le informazioni relative all\u2019interazione con i contenuti (quali il download di contenuti, lo streaming e i dettagli di riproduzione), le metriche dei dispositivi e altri parametri relativi al sistema operativo e all\u2019ambiente informatico dell\u2019utente.<\/li>\r\n \t<li class=\"li1\">\u201c<b>Dati comuni identificativi<\/b>\u201d forniti dall\u2019utente (per esempio, il nome, il cognome, l\u2019e-mail, il numero di telefono) per la fruizione dei servizi offerti attraverso la Piattaforma con le seguenti modalit\u00e0:\r\n<ul class=\"ul1\">\r\n \t<li class=\"li1\">1. compilazione ed invio del modulo di registrazione per l\u2019accesso ai servizi della Piattaforma (\u201c<b>Dati di Login<\/b>\u201d). In tal caso le Societ\u00e0 raccolgono i dati identificativi e di recapito dell\u2019utente (per esempio, nome, cognome, indirizzo email, numero di telefono, indirizzo) necessari per la gestione dell\u2019area riservata e, se del caso, per l\u2019erogazione dei servizi ivi disponibili;<\/li>\r\n \t<li class=\"li1\">2. scambio di corrispondenza e-mail con le Societ\u00e0 (\u201c<b>Dati di Comunicazione<\/b>\u201d). In questo modo le Societ\u00e0 raccolgono dati identificativi generici (per esempio, nome, cognome, indirizzo e-mail, numero di telefono nonch\u00e9 tutte le altre eventuali informazioni che l\u2019utente riterr\u00e0 di inserire nelle proprie comunicazioni);<\/li>\r\n \t<li class=\"li1\">3. compilazione ed invio del modulo di raccolta attraverso il quale \u00e8 possibile iscriversi alla newsletter delle Societ\u00e0 (\u201c<b>Dati di Contatto<\/b>\u201d);<\/li>\r\n<\/ul>\r\n<\/li>\r\n<\/ul>\r\n<p class=\"p1\"><b>3. FINALIT\u00c0 DELL\u2019UTILIZZO DEI DATI PERSONALI<\/b><\/p>\r\n<p class=\"p1\">In conformit\u00e0 al GDPR, i dati raccolti mediante la Piattaforma o nell\u2019ambito dell\u2019erogazione dei relativi servizi, nonch\u00e9 direttamente forniti dall\u2019utente in qualsiasi altro modo, saranno conservati in un sistema di archiviazione nella disponibilit\u00e0 giuridica della Societ\u00e0.<\/p>\r\n<p class=\"p1\">In relazione alle finalit\u00e0 di trattamento, in particolare, ti informiamo che i Dati di Navigazione verranno trattati al fine di garantire e gestire l\u2019utilizzo della Piattaforma, di ricavare informazioni sull\u2019uso della Piattaforma (cio\u00e8 per capire il modo in cui gli utenti interagiscono con la Piattaforma, permettere di migliorarla e, se del caso, offrire servizi pi\u00f9 mirati agli utenti) e per controllarne il corretto funzionamento, nonch\u00e9, se del caso previo consenso, per profilazione e invio di pubblicit\u00e0 personalizzata.<\/p>\r\n<p class=\"p1\">Gli altri dati personali di volta in volta raccolti sono utilizzati, in relazione alle categorie di appartenenza, per le seguenti finalit\u00e0:<\/p>\r\n\r\n<ul class=\"ul1\">\r\n \t<li class=\"li1\"><b>a) Dati di Login:<\/b>\u00a0saranno utilizzati per: (i) l\u2019iscrizione e la gestione delle aree riservate; (ii) la fornitura, la gestione e il pagamento dei servizi erogati mediante la Piattaforma (anche da parte di soggetti terzi) e accessibili mediante Login; (iii) per l\u2019invio di informazioni commerciali, newsletter, offerte speciali e materiale promozionale da parte delle Societ\u00e0 anche in favore di terzi ovvero da parte dei soggetti indicati nel modulo di raccolta del consenso, qualora questo sia necessario; (iv) profilazione dell\u2019utente per migliorare l\u2019offerta nei confronti dello stesso e per le attivit\u00e0 di marketing di cui al punto (iii) che precede.<\/li>\r\n \t<li class=\"li1\"><b>b) Dati di Comunicazione:<\/b>\u00a0saranno utilizzati principalmente per (i) rispondere alle richieste e gestire le comunicazioni ricevute; (ii) documentazione della corrispondenza.<\/li>\r\n \t<li class=\"li1\"><b>c) Dati di Contatto:<\/b>\u00a0saranno trattati per l\u2019invio delle newsletter delle Societ\u00e0.<\/li>\r\n<\/ul>\r\n<p class=\"p1\">Si precisa che selezionando il tasto \u201cinvia\u201d presente in ogni modulo di raccolta dei dati o secondo le modalit\u00e0 di volta in volta rilevanti, l\u2019utente dichiara che le informazioni ed i propri dati personali sono corretti ed aggiornati e di aver preso visione della presente Privacy Policy.<\/p>\r\n<p class=\"p1\"><b>4. BASI GIURIDICHE DEL TRATTAMENTO DEI DATI PERSONALI<\/b><\/p>\r\n<p class=\"p1\">La base giuridica del trattamento dei dati personali dell\u2019utente dipende dalla finalit\u00e0 dello specifico trattamento. Quanto ai\u00a0<b>Dati di Navigazione<\/b>, il trattamento per le finalit\u00e0 indicate al paragrafo che precede \u00e8 legittimato dalla necessit\u00e0 di garantire il servizio di navigazione (art. 6, paragrafo 1, lett. b) GDPR) nonch\u00e9 dal legittimo interesse del Titolare di elaborare i dati relativi alla Piattaforma per capire il modo in cui gli utenti interagiscono con la stessa e permettere di migliorarla (art. 6, paragrafo 1, lett. f) GDPR). Laddove i dati di navigazione vengano utilizzati per finalit\u00e0 di profilazione, la base giuridica del trattamento \u00e8 costituita dal consenso dell\u2019utente (art. 6, paragrafo 1, lett a) GDPR). Quanto ai\u00a0<b>Dati di Comunicazione<\/b>\u00a0eventualmente trattati, la base giuridica del trattamento \u00e8 da rinvenirsi nella necessit\u00e0 di eseguire una richiesta dell\u2019utente ovvero di eseguire misure precontrattuali adottate su richiesta dello stesso (art. 6, paragrafo 1, lett. b) GDPR) ovvero ancora nel legittimo interesse del Titolare di evadere le richieste dei propri utenti o, infine, di promuovere la propria attivit\u00e0 (art. 6, paragrafo 1, lett. f) GDPR). Quanto ai Dati di Contatto, la base giuridica del trattamento \u00e8 da rinvenirsi nella necessit\u00e0 di eseguire una richiesta dell\u2019utente (art. 6, paragrafo 1, lett. b) GDPR) ovvero nel legittimo interesse del Titolare di evadere le richieste dei propri utenti o ancora di promuovere la propria attivit\u00e0 (art. 6, paragrafo 1, lett. f) GDPR). La base giuridica del trattamento degli eventuali Dati di Login sar\u00e0 rappresentata dalla necessit\u00e0 di eseguire il contratto di cui l\u2019interessato \u00e8 parte o di eseguire misure precontrattuali (art. 6, paragrafo 1, lett. b) GDPR). Laddove i\u00a0<b>Dati di Login<\/b>\u00a0vengano utilizzati per finalit\u00e0 di profilazione o per finalit\u00e0 di marketing non diretto, la base giuridica del trattamento \u00e8 costituita dal consenso dell\u2019utente (art. 6, paragrafo 1, lett a) GDPR).<\/p>\r\n<p class=\"p1\"><b>5. MODALIT\u00c0 DEL TRATTAMENTO E CONSERVAZIONE DEI DATI PERSONALI<\/b><\/p>\r\n<p class=\"p1\">Il trattamento dei dati raccolti verr\u00e0 effettuato nel rispetto dei principi di cui all\u2019art. 5 del GDPR e, in particolare, dei principi di liceit\u00e0, correttezza e trasparenza, limitazione delle finalit\u00e0, minimizzazione dei dati, esattezza, limitazione della conservazione, integrit\u00e0 e riservatezza e responsabilizzazione. Il trattamento per le finalit\u00e0 individuate avverr\u00e0 con modalit\u00e0 informatiche e manuali, mediante strumenti elettronici o supporti cartacei, in base a criteri logici funzionali alle finalit\u00e0 per cui i dati sono stati raccolti, nel rispetto delle regole di riservatezza e di sicurezza previste dal GDPR e dalle relative norme di applicazione nazionali. In ogni caso, ai sensi dell\u2019art. 32 GDPR, la Societ\u00e0 ha adottato tutte le misure di sicurezza adeguate alla tutela dei dati personali, nonch\u00e9 prevenire i rischi che potrebbero derivare dal trattamento dei dati, come la distruzione, la perdita e l\u2019uso illecito dei dati, nonch\u00e9 l\u2019accesso non autorizzato ad essi. I dati personali eventualmente raccolti saranno conservati per il tempo strettamente necessario al compimento delle operazioni per le quali sono state raccolti. I Dati di Navigazione, i Dati di Contatto, i Dati di Comunicazione e i Dati di Login saranno conservati soltanto per il tempo strettamente necessario per il raggiungimento delle finalit\u00e0 sopra indicate, per erogare i servizi o per evadere le medesime richieste ovvero per adempiere gli obblighi di legge o regolamentari applicabili e comunque per il tempo necessario a garantire l\u2019esercizio dei diritti della Societ\u00e0.<\/p>\r\n<p class=\"p1\"><b>6. CON CHI CONDIVIDIAMO I TUOI DATI?<\/b><\/p>\r\n<p class=\"p1\">La Societ\u00e0 potr\u00e0 trasmettere i dati raccolti a soggetti terzi e alle societ\u00e0 del gruppo di appartenenza laddove ci\u00f2 fosse necessario per perseguire le finalit\u00e0 del trattamento ovvero laddove sussista un obbligo legale di comunicazione oppure laddove sia necessario in base alle Condizioni d\u2019Uso o in esecuzione di altri accordi in essere con l\u2019utente o al fine di tutelare i diritti, i beni e la sicurezza delle Societ\u00e0 o di terzi. Di conseguenza, i dati degli utenti potrebbero essere trasferiti anche in Svizzera o anche in Paesi al fuori dell\u2019Unione Europea. Tale trasferimento avverr\u00e0 sulla base delle decisioni di adeguatezza o delle altre garanzie appropriate. Inoltre, la Societ\u00e0 potr\u00e0 trasmettere i dati degli utenti a soggetti terzi, ivi compresi eventuali partner, sponsor o societ\u00e0 che erogano i servizi offerti per il tramite della Piattaforma. Tali soggetti terzi agiranno in qualit\u00e0 di responsabili esterni del trattamento ai sensi dell\u2019art. 28 del GDPR. Si precisa che, alcuni dei soggetti sopra indicati potrebbero altres\u00ec agire in qualit\u00e0 di titolari autonomi del trattamento, rilasciando idonea informativa ai sensi dell\u2019art. 14 GDPR, salva diversa previsione di legge. I dati raccolti mediante la Piattaforma rientrano nel patrimonio aziendale; pertanto, in caso di operazioni che coinvolgono l\u2019azienda (quali fusioni, scissioni, acquisizioni, etc.), tali dati potranno essere trasferiti unitamente all\u2019azienda stessa. Il trattamento di tali dati personali in ogni caso avverr\u00e0 nel rispetto e nei limiti della presente privacy policy, come successivamente modificata.<\/p>\r\n<p class=\"p1\"><b>7. COMUNICAZIONI COMMERCIALI<\/b><\/p>\r\n<p class=\"p1\">Ti informiamo che, qualora la Societ\u00e0 intenda utilizzare i dati personali forniti dall\u2019utente mediante la Piattaforma al fine di inviare comunicazioni commerciali, lo far\u00e0 sulla base di idonea base giuridica di trattamento, ivi compreso, laddove necessario, il preventivo consenso. Soltanto in tali casi, l\u2019utente potr\u00e0 essere contattato per ricevere comunicazioni commerciali. Al riguardo, informiamo l\u2019utente che potr\u00e0 sempre revocare il consenso all\u2019invio di tali comunicazioni contattando i Titolari.<\/p>\r\n<p class=\"p1\"><b>8. COOKIES<\/b><\/p>\r\n<p class=\"p1\">La nostra Piattaforma utilizza tecnologie quali cookies per raccogliere informazioni relative all\u2019utilizzo della Piattaforma da parte degli utenti. Si evidenzia che il consenso all\u2019utilizzo di tali tecnologie ed il relativo trattamento dei dati \u00e8 facoltativo, ma avvertiamo l\u2019utente che nel caso in cui il consenso non venga prestato potrebbero manifestarsi problemi di navigazione e di accesso a tutto o a parti della Piattaforma oppure limitazioni rispetto alla piena funzionalit\u00e0 della medesima. Per ulteriori informazioni e dettagli al riguardo, visita la sezione\u00a0Cookie Policy.<\/p>\r\n<p class=\"p1\"><b>9. RACCOLTA INFORMAZIONI DA PARTE DI MINORI DEGLI ANNI 14<\/b><\/p>\r\n<p class=\"p1\">Laddove sia necessario il consenso per il trattamento dei dati personali, la Societ\u00e0 non raccoglie il consenso di soggetti di et\u00e0 inferiore a quattordici anni, a meno che questo non sia prestato da un genitore o da un tutore. In questo caso le Societ\u00e0 si adopereranno in ogni modo ragionevole per verificare che il consenso sia prestato dal titolare della responsabilit\u00e0 genitoriale sul minore, in considerazione delle tecnologie disponibili.<\/p>\r\n<p class=\"p1\"><b>10. FACOLTATIVITA\u2019 DEL TRATTAMENTO<\/b><\/p>\r\n<p class=\"p1\">Utilizzando la Piattaforma, l\u2019utente dichiara di aver preso visione della presente\u00a0<i>Privacy Policy<\/i>\u00a0e della\u00a0<i>Cookies Policy<\/i>. Sar\u00e0 nostra cura pubblicare eventuali aggiornamenti o variazioni della presente\u00a0<i>Privacy Policy<\/i>\u00a0sulla Piattaforma, pertanto, ti consigliamo di visitare la stessa ad ogni accesso. Il trattamento dei tuoi dati di navigazione ha natura facoltativa. Tuttavia, ti rammentiamo che il mancato conferimento di tali dati potrebbe non consentire un corretto utilizzo della Piattaforma e l\u2019erogazione degli eventuali servizi o delle informazioni richiesti. Il conferimento degli ulteriori dati personali riportati nei moduli di richiesta per sollecitare l\u2019invio di materiale informativo o di altre comunicazioni \u00e8 facoltativo. Il loro mancato conferimento potrebbe comportare l\u2019impossibilit\u00e0 di evadere le richieste e quindi di ottenere le informazioni. Si evidenzia che, in ogni caso, qualora il trattamento dei tuoi dati sia trattato sulla base del consenso, questo pu\u00f2 essere revocato in qualsiasi momento, come meglio sotto specificato.<\/p>\r\n<p class=\"p1\"><b>11. I TUOI DIRITTI<\/b><\/p>\r\n<p class=\"p1\">Ci impegniamo a mantenere i tuoi dati personali confidenziali e a garantirti l\u2019esercizio dei tuoi diritti. Ti informiamo che il Titolare garantisce l\u2019esercizio dei tuoi diritti che potrai esercitare senza addebito alcuno e in qualunque momento inviando una mail all\u2019indirizzo info@epicoplay.com, Oppure scrivendo all\u2019indirizzo Epico Play S.r.l., via Duca d\u2019Aosta 19, 73100 Lecce (LE) segnalando semplicemente il motivo della tua richiesta e il diritto che intendi esercitare. In particolare, a prescindere dalla finalit\u00e0 o dalla base giuridica in virt\u00f9 della quale trattiamo i tuoi dati, puoi esercitare i seguenti diritti:<\/p>\r\n\r\n<ul class=\"ul1\">\r\n \t<li class=\"li1\">sapere se il titolare del trattamento detiene e\/o tratta i tuoi dati personali e, a tal fine, chiederci l\u2019<b>accesso<\/b>\u00a0a tali dati anche ottenendone copia (art. 15 GDPR);<\/li>\r\n \t<li class=\"li1\">chiederci di\u00a0<b>correggere<\/b>\u00a0o di integrare i dati in nostro possesso (art. 16 GDPR). In ogni caso, tieni presente che nel fornirci attivamente i tuoi dati personali tramite qualsiasi mezzo, ne garantisci la veridicit\u00e0 e l\u2019esattezza. Pertanto, qualsiasi perdita o danno cagionato alla Piattaforma o al titolare della Piattaforma o a un terzo a causa di informazioni erronee, inesatte o incomplete riportare nei moduli di registrazione, sar\u00e0 responsabilit\u00e0 esclusiva dell\u2019utente;<\/li>\r\n \t<li class=\"li1\">chiederci di\u00a0<b>cancellare<\/b>\u00a0i tuoi dati personali in nostro possesso se sussiste uno dei motivi previsti dall\u2019art. 17 GDPR; In caso di cancellazione dell&#8217;account saranno eliminati tutti i dati relativi all&#8217;utente. Per cancellare il proprio profilo bisogner\u00e0 andare nelle impostazioni della app e premere su &#8220;cancella profilo&#8221;;<\/li>\r\n \t<li class=\"li1\">chiederci\u00a0<b>di interrompere<\/b>\u00a0o\u00a0<b>limitare<\/b>\u00a0il trattamento solo ad alcuni dati personali, se sussiste uno dei motivi previsti dall\u2019art. 18 GDPR;<\/li>\r\n \t<li class=\"li1\">richiedere la\u00a0<b>portabilit\u00e0 dei dati<\/b>\u00a0ai sensi dell\u2019art. 20 GDPR. Ci\u00f2 significa che, se siamo autorizzati al trattamento dei tuoi dati personali sulla base di un tuo consenso o dell\u2019esecuzione dei servizi da te richiesti, potrai ricevere i dati personali che ci hai fornito in formato strutturato, di uso comune e leggibile dal computer, per poterli trasmettere direttamente ad un\u2019altra societ\u00e0, purch\u00e9 tecnicamente possibile;<\/li>\r\n \t<li class=\"li1\"><b>opporti<\/b>\u00a0in tutto o in parte al trattamento dei dati per finalit\u00e0 di invio di materiale pubblicitario e ricerche di mercato (art. 21 GDPR). Ci\u00f2 significa che potrai revocare in qualsiasi momento il consenso al trattamento dei tuoi dati. Inoltre, potrai opporti al trattamento anche quando lo stesso si basa sul nostro interesse legittimo.<\/li>\r\n<\/ul>\r\n<p class=\"p1\">Infine ti informiamo che hai il diritto di inoltrare reclami al Garante sulla protezione dei dati personali, con sede in Roma piazza Monte Citorio n. 121, inviando una mail all\u2019indirizzo\u00a0<a href=\"mailto:garante@gdpr.it\"><span class=\"s3\">garante@gdpr.it<\/span><\/a>, chiamando al numero 06.69677, oppure inviando un fax al numero 06696773785.<\/p>\r\n<p class=\"p3\">* * * *<\/p>\r\n<p class=\"p3\"><b>Epico Play S.r.l.<\/b><\/p>","protected":false},"excerpt":{"rendered":"PRIVACY POLICY PIATTAFORMA EPICO PLAY ai sensi dell\u2019art. 13 e dell\u2019art. 14 del Regolamento Generale Europeo sulla protezione dei Dati Personali n. 2016\/679 (&#8220;GDPR&#8221;) Lo scopo della presente privacy policy (\u201cPrivacy Policy\u201d) \u00e8 quello di illustrare le modalit\u00e0 e le finalit\u00e0 per le quali verranno raccolti, trattati ed utilizzati i dati personali degli utenti (cio\u00e8 [&#038;hellip","protected":false},"author":5,"featured_media":0,"parent":0,"menu_order":0,"comment_status":"closed","ping_status":"closed","template":"template-fullwidth.php","meta":{"_acf_changed":false,"footnotes":""},"class_list":["post-382","page","type-page","status-publish","hentry"],"acf":[],"_links":{"self":[{"href":"https:\/\/epicoplay.com\/en\/wp-json\/wp\/v2\/pages\/382","targetHints":{"allow":["GET"]}}],"collection":[{"href":"https:\/\/epicoplay.com\/en\/wp-json\/wp\/v2\/pages"}],"about":[{"href":"https:\/\/epicoplay.com\/en\/wp-json\/wp\/v2\/types\/page"}],"author":[{"embeddable":true,"href":"https:\/\/epicoplay.com\/en\/wp-json\/wp\/v2\/users\/5"}],"replies":[{"embeddable":true,"href":"https:\/\/epicoplay.com\/en\/wp-json\/wp\/v2\/comments?post=382"}],"version-history":[{"count":3,"href":"https:\/\/epicoplay.com\/en\/wp-json\/wp\/v2\/pages\/382\/revisions"}],"predecessor-version":[{"id":386,"href":"https:\/\/epicoplay.com\/en\/wp-json\/wp\/v2\/pages\/382\/revisions\/386"}],"wp:attachment":[{"href":"https:\/\/epicoplay.com\/en\/wp-json\/wp\/v2\/media?parent=382"}],"curies":[{"name":"wp","href":"https:\/\/api.w.org\/{rel}","templated":true}]}}